{"id":93674,"date":"2025-01-16T10:58:02","date_gmt":"2025-01-16T15:58:02","guid":{"rendered":"https:\/\/rvcare.ca\/?page_id=93674"},"modified":"2025-03-25T10:23:42","modified_gmt":"2025-03-25T14:23:42","slug":"fondation-care-camps","status":"publish","type":"page","link":"https:\/\/rvcare.ca\/fr\/fondation-care-camps\/","title":{"rendered":"Fondation Care Camps"},"content":{"rendered":"\t\t<div data-elementor-type=\"wp-page\" data-elementor-id=\"93674\" class=\"elementor elementor-93674 elementor-93080\" data-elementor-post-type=\"page\">\n\t\t\t\t<div class=\"elementor-element elementor-element-cea218c e-flex e-con-boxed e-con e-parent\" data-id=\"cea218c\" data-element_type=\"container\" data-settings=\"{&quot;shape_divider_top&quot;:&quot;opacity-tilt&quot;,&quot;jet_parallax_layout_list&quot;:[]}\">\n\t\t\t\t\t<div class=\"e-con-inner\">\n\t\t\t\t<div class=\"elementor-shape elementor-shape-top\" data-negative=\"false\">\n\t\t\t<svg xmlns=\"http:\/\/www.w3.org\/2000\/svg\" viewBox=\"0 0 2600 131.1\" preserveAspectRatio=\"none\">\n\t<path class=\"elementor-shape-fill\" d=\"M0 0L2600 0 2600 69.1 0 0z\"\/>\n\t<path class=\"elementor-shape-fill\" style=\"opacity:0.5\" d=\"M0 0L2600 0 2600 69.1 0 69.1z\"\/>\n\t<path class=\"elementor-shape-fill\" style=\"opacity:0.25\" d=\"M2600 0L0 0 0 130.1 2600 69.1z\"\/>\n<\/svg>\t\t<\/div>\n\t\t\t\t<div class=\"elementor-element elementor-element-bcd9da3 elementor-widget elementor-widget-image\" data-id=\"bcd9da3\" data-element_type=\"widget\" data-widget_type=\"image.default\">\n\t\t\t\t<div class=\"elementor-widget-container\">\n\t\t\t\t\t\t\t\t\t\t\t\t\t<img decoding=\"async\" width=\"800\" height=\"280\" src=\"https:\/\/rvcare.ca\/wp-content\/uploads\/CareCampsFdn_Logo_Horiz_RGB-2048x718-1-1024x359.webp\" class=\"attachment-large size-large wp-image-93060\" alt=\"\" srcset=\"https:\/\/rvcare.ca\/wp-content\/uploads\/CareCampsFdn_Logo_Horiz_RGB-2048x718-1-1024x359.webp 1024w, https:\/\/rvcare.ca\/wp-content\/uploads\/CareCampsFdn_Logo_Horiz_RGB-2048x718-1-300x105.webp 300w, https:\/\/rvcare.ca\/wp-content\/uploads\/CareCampsFdn_Logo_Horiz_RGB-2048x718-1-768x269.webp 768w, https:\/\/rvcare.ca\/wp-content\/uploads\/CareCampsFdn_Logo_Horiz_RGB-2048x718-1-1536x539.webp 1536w, https:\/\/rvcare.ca\/wp-content\/uploads\/CareCampsFdn_Logo_Horiz_RGB-2048x718-1.webp 2048w\" sizes=\"(max-width: 800px) 100vw, 800px\" \/>\t\t\t\t\t\t\t\t\t\t\t\t\t<\/div>\n\t\t\t\t<\/div>\n\t\t\t\t\t<\/div>\n\t\t\t\t<\/div>\n\t\t<div class=\"elementor-element elementor-element-ffa5e91 e-flex e-con-boxed e-con e-parent\" data-id=\"ffa5e91\" data-element_type=\"container\" data-settings=\"{&quot;jet_parallax_layout_list&quot;:[]}\">\n\t\t\t\t\t<div class=\"e-con-inner\">\n\t\t\t\t<div class=\"elementor-element elementor-element-64f3e6d elementor-widget__width-initial elementor-widget elementor-widget-image\" data-id=\"64f3e6d\" data-element_type=\"widget\" data-widget_type=\"image.default\">\n\t\t\t\t<div class=\"elementor-widget-container\">\n\t\t\t\t\t\t\t\t\t\t\t\t\t<img decoding=\"async\" width=\"800\" height=\"800\" src=\"https:\/\/rvcare.ca\/wp-content\/uploads\/rvcare-carecamps-1024x1024.png\" class=\"attachment-large size-large wp-image-93483\" alt=\"\" srcset=\"https:\/\/rvcare.ca\/wp-content\/uploads\/rvcare-carecamps-1024x1024.png 1024w, https:\/\/rvcare.ca\/wp-content\/uploads\/rvcare-carecamps-300x300.png 300w, https:\/\/rvcare.ca\/wp-content\/uploads\/rvcare-carecamps-150x150.png 150w, https:\/\/rvcare.ca\/wp-content\/uploads\/rvcare-carecamps-768x768.png 768w, https:\/\/rvcare.ca\/wp-content\/uploads\/rvcare-carecamps-1536x1536.png 1536w, https:\/\/rvcare.ca\/wp-content\/uploads\/rvcare-carecamps.png 1545w\" sizes=\"(max-width: 800px) 100vw, 800px\" \/>\t\t\t\t\t\t\t\t\t\t\t\t\t<\/div>\n\t\t\t\t<\/div>\n\t\t<div class=\"elementor-element elementor-element-729e719 e-con-full e-flex e-con e-child\" data-id=\"729e719\" data-element_type=\"container\" data-settings=\"{&quot;jet_parallax_layout_list&quot;:[]}\">\n\t\t\t\t<div class=\"elementor-element elementor-element-461bda7 elementor-widget elementor-widget-heading\" data-id=\"461bda7\" data-element_type=\"widget\" data-widget_type=\"heading.default\">\n\t\t\t\t<div class=\"elementor-widget-container\">\n\t\t\t<h2 class=\"elementor-heading-title elementor-size-default\">La fondation Care Camps est la seule organisation \u00e0 but non lucratif nationale dont le seul objectif est de financer des camps d'oncologie p\u00e9diatrique \u00e0 travers le Canada et les \u00c9tats-Unis.<\/h2>\t\t<\/div>\n\t\t\t\t<\/div>\n\t\t\t\t<div class=\"elementor-element elementor-element-ff089dc elementor-widget elementor-widget-heading\" data-id=\"ff089dc\" data-element_type=\"widget\" data-widget_type=\"heading.default\">\n\t\t\t\t<div class=\"elementor-widget-container\">\n\t\t\t<h2 class=\"elementor-heading-title elementor-size-default\">Notre mission : Offrir de la joie, de l'espoir et le pouvoir gu\u00e9risseur de la nature aux enfants atteints de cancer et \u00e0 leurs familles dans des camps d'oncologie p\u00e9diatrique supervis\u00e9s m\u00e9dicalement.<\/h2>\t\t<\/div>\n\t\t\t\t<\/div>\n\t\t\t\t<\/div>\n\t\t\t\t\t<\/div>\n\t\t\t\t<\/div>\n\t\t<div class=\"elementor-element elementor-element-8f5e57b e-flex e-con-boxed e-con e-parent\" data-id=\"8f5e57b\" data-element_type=\"container\" data-settings=\"{&quot;jet_parallax_layout_list&quot;:[]}\">\n\t\t\t\t\t<div class=\"e-con-inner\">\n\t\t<div class=\"elementor-element elementor-element-4a747cb e-con-full e-flex e-con e-child\" data-id=\"4a747cb\" data-element_type=\"container\" data-settings=\"{&quot;jet_parallax_layout_list&quot;:[]}\">\n\t\t\t\t<div class=\"elementor-element elementor-element-d10f2f0 elementor-widget__width-inherit elementor-view-default elementor-position-top elementor-mobile-position-top elementor-widget elementor-widget-icon-box\" data-id=\"d10f2f0\" data-element_type=\"widget\" data-widget_type=\"icon-box.default\">\n\t\t\t\t<div class=\"elementor-widget-container\">\n\t\t\t\t\t<div class=\"elementor-icon-box-wrapper\">\n\n\t\t\t\t\t\t<div class=\"elementor-icon-box-icon\">\n\t\t\t\t<span  class=\"elementor-icon elementor-animation-\">\n\t\t\t\t<i aria-hidden=\"true\" class=\"fas fa-hand-holding-heart\"><\/i>\t\t\t\t<\/span>\n\t\t\t<\/div>\n\t\t\t\n\t\t\t\t\t\t<div class=\"elementor-icon-box-content\">\n\n\t\t\t\t\t\t\t\t\t<h3 class=\"elementor-icon-box-title\">\n\t\t\t\t\t\t<span  >\n\t\t\t\t\t\t\tCamps que nous soutenons\t\t\t\t\t\t<\/span>\n\t\t\t\t\t<\/h3>\n\t\t\t\t\n\t\t\t\t\t\t\t\t\t<p class=\"elementor-icon-box-description\">\n\t\t\t\t\t\tNous finan\u00e7ons des camps qui sont membres de l'Association des camps d'oncologie pour enfants (COCA), laquelle supervise leur garantie de qualit\u00e9 et leur d\u00e9veloppement professionnel.\t\t\t\t\t<\/p>\n\t\t\t\t\n\t\t\t<\/div>\n\t\t\t\n\t\t<\/div>\n\t\t\t\t<\/div>\n\t\t\t\t<\/div>\n\t\t\t\t<div class=\"elementor-element elementor-element-c462702 elementor-widget__width-inherit elementor-view-default elementor-position-top elementor-mobile-position-top elementor-widget elementor-widget-icon-box\" data-id=\"c462702\" data-element_type=\"widget\" data-widget_type=\"icon-box.default\">\n\t\t\t\t<div class=\"elementor-widget-container\">\n\t\t\t\t\t<div class=\"elementor-icon-box-wrapper\">\n\n\t\t\t\t\t\t<div class=\"elementor-icon-box-icon\">\n\t\t\t\t<span  class=\"elementor-icon elementor-animation-\">\n\t\t\t\t<i aria-hidden=\"true\" class=\"fas fa-campground\"><\/i>\t\t\t\t<\/span>\n\t\t\t<\/div>\n\t\t\t\n\t\t\t\t\t\t<div class=\"elementor-icon-box-content\">\n\n\t\t\t\t\t\t\t\t\t<h3 class=\"elementor-icon-box-title\">\n\t\t\t\t\t\t<span  >\n\t\t\t\t\t\t\tNotre H\u00e9ritage\t\t\t\t\t\t<\/span>\n\t\t\t\t\t<\/h3>\n\t\t\t\t\n\t\t\t\t\t\t\t\t\t<p class=\"elementor-icon-box-description\">\n\t\t\t\t\t\tNous sommes reconnaissants envers les propri\u00e9taires de campings Kamgrounds of America (KOA) qui ont commenc\u00e9 \u00e0 collecter des fonds pour soutenir les camps d'oncologie p\u00e9diatrique en 1984.\t\t\t\t\t<\/p>\n\t\t\t\t\n\t\t\t<\/div>\n\t\t\t\n\t\t<\/div>\n\t\t\t\t<\/div>\n\t\t\t\t<\/div>\n\t\t\t\t<div class=\"elementor-element elementor-element-7e3d8b0 elementor-widget__width-inherit elementor-view-default elementor-position-top elementor-mobile-position-top elementor-widget elementor-widget-icon-box\" data-id=\"7e3d8b0\" data-element_type=\"widget\" data-widget_type=\"icon-box.default\">\n\t\t\t\t<div class=\"elementor-widget-container\">\n\t\t\t\t\t<div class=\"elementor-icon-box-wrapper\">\n\n\t\t\t\t\t\t<div class=\"elementor-icon-box-icon\">\n\t\t\t\t<span  class=\"elementor-icon elementor-animation-\">\n\t\t\t\t<i aria-hidden=\"true\" class=\"fas fa-handshake\"><\/i>\t\t\t\t<\/span>\n\t\t\t<\/div>\n\t\t\t\n\t\t\t\t\t\t<div class=\"elementor-icon-box-content\">\n\n\t\t\t\t\t\t\t\t\t<h3 class=\"elementor-icon-box-title\">\n\t\t\t\t\t\t<span  >\n\t\t\t\t\t\t\tNos Partenaires\t\t\t\t\t\t<\/span>\n\t\t\t\t\t<\/h3>\n\t\t\t\t\n\t\t\t\t\t\t\t\t\t<p class=\"elementor-icon-box-description\">\n\t\t\t\t\t\tNous nous associons avec l'industrie du plein air, d'autres entreprises, des fondations et des individus pour promouvoir notre mission.\t\t\t\t\t<\/p>\n\t\t\t\t\n\t\t\t<\/div>\n\t\t\t\n\t\t<\/div>\n\t\t\t\t<\/div>\n\t\t\t\t<\/div>\n\t\t\t\t<\/div>\n\t\t\t\t\t<\/div>\n\t\t\t\t<\/div>\n\t\t<div class=\"elementor-element elementor-element-c23ff96 e-flex e-con-boxed e-con e-parent\" data-id=\"c23ff96\" data-element_type=\"container\" data-settings=\"{&quot;jet_parallax_layout_list&quot;:[],&quot;background_background&quot;:&quot;classic&quot;}\">\n\t\t\t\t\t<div class=\"e-con-inner\">\n\t\t<div class=\"elementor-element elementor-element-0ac5d64 e-con-full e-flex e-con e-child\" data-id=\"0ac5d64\" data-element_type=\"container\" data-settings=\"{&quot;background_background&quot;:&quot;classic&quot;,&quot;jet_parallax_layout_list&quot;:[]}\">\n\t\t<div class=\"elementor-element elementor-element-e7c7d9f e-con-full e-flex e-con e-child\" data-id=\"e7c7d9f\" data-element_type=\"container\" data-settings=\"{&quot;background_background&quot;:&quot;classic&quot;,&quot;jet_parallax_layout_list&quot;:[]}\">\n\t\t\t\t<div class=\"elementor-element elementor-element-235527d elementor-widget elementor-widget-image\" data-id=\"235527d\" data-element_type=\"widget\" data-widget_type=\"image.default\">\n\t\t\t\t<div class=\"elementor-widget-container\">\n\t\t\t\t\t\t\t\t\t\t\t\t\t<img decoding=\"async\" width=\"800\" height=\"280\" src=\"https:\/\/rvcare.ca\/wp-content\/uploads\/CareCampsFdn_Logo_Horiz_RGB-2048x718-1-1024x359.webp\" class=\"attachment-large size-large wp-image-93060\" alt=\"\" srcset=\"https:\/\/rvcare.ca\/wp-content\/uploads\/CareCampsFdn_Logo_Horiz_RGB-2048x718-1-1024x359.webp 1024w, https:\/\/rvcare.ca\/wp-content\/uploads\/CareCampsFdn_Logo_Horiz_RGB-2048x718-1-300x105.webp 300w, https:\/\/rvcare.ca\/wp-content\/uploads\/CareCampsFdn_Logo_Horiz_RGB-2048x718-1-768x269.webp 768w, https:\/\/rvcare.ca\/wp-content\/uploads\/CareCampsFdn_Logo_Horiz_RGB-2048x718-1-1536x539.webp 1536w, https:\/\/rvcare.ca\/wp-content\/uploads\/CareCampsFdn_Logo_Horiz_RGB-2048x718-1.webp 2048w\" sizes=\"(max-width: 800px) 100vw, 800px\" \/>\t\t\t\t\t\t\t\t\t\t\t\t\t<\/div>\n\t\t\t\t<\/div>\n\t\t\t\t<\/div>\n\t\t<div class=\"elementor-element elementor-element-56dba29 e-con-full e-flex e-con e-child\" data-id=\"56dba29\" data-element_type=\"container\" data-settings=\"{&quot;jet_parallax_layout_list&quot;:[]}\">\n\t\t\t\t<div class=\"elementor-element elementor-element-3a6daee elementor-widget elementor-widget-heading\" data-id=\"3a6daee\" data-element_type=\"widget\" data-widget_type=\"heading.default\">\n\t\t\t\t<div class=\"elementor-widget-container\">\n\t\t\t<h2 class=\"elementor-heading-title elementor-size-default\">En savoir plus, faire un don et soyez inspir\u00e9.<\/h2>\t\t<\/div>\n\t\t\t\t<\/div>\n\t\t\t\t<div class=\"elementor-element elementor-element-1ab2d8e elementor-align-left elementor-mobile-align-center elementor-icon-list--layout-traditional elementor-list-item-link-full_width elementor-widget elementor-widget-icon-list\" data-id=\"1ab2d8e\" data-element_type=\"widget\" data-widget_type=\"icon-list.default\">\n\t\t\t\t<div class=\"elementor-widget-container\">\n\t\t\t\t\t<ul class=\"elementor-icon-list-items\">\n\t\t\t\t\t\t\t<li class=\"elementor-icon-list-item\">\n\t\t\t\t\t\t\t\t\t\t\t<a href=\"https:\/\/carecamps.org\/\" target=\"_blank\">\n\n\t\t\t\t\t\t\t\t\t\t\t\t<span class=\"elementor-icon-list-icon\">\n\t\t\t\t\t\t\t<i aria-hidden=\"true\" class=\"fas fa-external-link-alt\"><\/i>\t\t\t\t\t\t<\/span>\n\t\t\t\t\t\t\t\t\t\t<span class=\"elementor-icon-list-text\">Visiter <u>carecamps.org\/<\/u><\/span>\n\t\t\t\t\t\t\t\t\t\t\t<\/a>\n\t\t\t\t\t\t\t\t\t<\/li>\n\t\t\t\t\t\t<\/ul>\n\t\t\t\t<\/div>\n\t\t\t\t<\/div>\n\t\t\t\t<div class=\"elementor-element elementor-element-12e254e elementor-align-left elementor-mobile-align-center elementor-widget elementor-widget-button\" data-id=\"12e254e\" data-element_type=\"widget\" data-widget_type=\"button.default\">\n\t\t\t\t<div class=\"elementor-widget-container\">\n\t\t\t\t\t<div class=\"elementor-button-wrapper\">\n\t\t\t<a class=\"elementor-button elementor-button-link elementor-size-sm\" href=\"https:\/\/www.canadahelps.org\/fr\/pages\/rv-care-dealers\/\">\n\t\t\t\t\t\t<span class=\"elementor-button-content-wrapper\">\n\t\t\t\t\t\t<span class=\"elementor-button-icon\">\n\t\t\t\t<i aria-hidden=\"true\" class=\"fas fa-angle-double-right\"><\/i>\t\t\t<\/span>\n\t\t\t\t\t\t\t\t\t<span class=\"elementor-button-text\">Faites un don d\u00e8s aujourd'hui au Canada<\/span>\n\t\t\t\t\t<\/span>\n\t\t\t\t\t<\/a>\n\t\t<\/div>\n\t\t\t\t<\/div>\n\t\t\t\t<\/div>\n\t\t\t\t<\/div>\n\t\t\t\t<\/div>\n\t\t\t\t\t<\/div>\n\t\t\t\t<\/div>\n\t\t\t\t<\/div>\n\t\t","protected":false},"excerpt":{"rendered":"<p>La fondation Care Camps est la seule organisation \u00e0 but non lucratif nationale dont le seul objectif est de financer des camps d&rsquo;oncologie p\u00e9diatrique \u00e0 travers le Canada et les \u00c9tats-Unis. Notre mission : Offrir de la joie, de l&rsquo;espoir et le pouvoir gu\u00e9risseur de la nature aux enfants atteints de cancer et \u00e0 leurs [&hellip;]<\/p>\n","protected":false},"author":990166,"featured_media":0,"parent":0,"menu_order":0,"comment_status":"closed","ping_status":"closed","template":"","meta":{"footnotes":""},"class_list":["post-93674","page","type-page","status-publish","hentry"],"_links":{"self":[{"href":"https:\/\/rvcare.ca\/fr\/wp-json\/wp\/v2\/pages\/93674","targetHints":{"allow":["GET"]}}],"collection":[{"href":"https:\/\/rvcare.ca\/fr\/wp-json\/wp\/v2\/pages"}],"about":[{"href":"https:\/\/rvcare.ca\/fr\/wp-json\/wp\/v2\/types\/page"}],"author":[{"embeddable":true,"href":"https:\/\/rvcare.ca\/fr\/wp-json\/wp\/v2\/users\/990166"}],"replies":[{"embeddable":true,"href":"https:\/\/rvcare.ca\/fr\/wp-json\/wp\/v2\/comments?post=93674"}],"version-history":[{"count":0,"href":"https:\/\/rvcare.ca\/fr\/wp-json\/wp\/v2\/pages\/93674\/revisions"}],"wp:attachment":[{"href":"https:\/\/rvcare.ca\/fr\/wp-json\/wp\/v2\/media?parent=93674"}],"curies":[{"name":"wp","href":"https:\/\/api.w.org\/{rel}","templated":true}]}}