{"id":87364,"date":"2024-03-27T21:13:45","date_gmt":"2024-03-28T01:13:45","guid":{"rendered":"https:\/\/rvcare.ca\/?page_id=87364"},"modified":"2025-03-24T15:54:54","modified_gmt":"2025-03-24T19:54:54","slug":"a-propos","status":"publish","type":"page","link":"https:\/\/rvcare.ca\/fr\/a-propos\/","title":{"rendered":"\u00c0 propos"},"content":{"rendered":"\t\t<div data-elementor-type=\"wp-page\" data-elementor-id=\"87364\" class=\"elementor elementor-87364 elementor-84252\" data-elementor-post-type=\"page\">\n\t\t\t\t<div class=\"elementor-element elementor-element-7198d78 e-flex e-con-boxed e-con e-parent\" data-id=\"7198d78\" data-element_type=\"container\" data-settings=\"{&quot;jet_parallax_layout_list&quot;:[],&quot;background_background&quot;:&quot;classic&quot;}\">\n\t\t\t\t\t<div class=\"e-con-inner\">\n\t\t<div class=\"elementor-element elementor-element-b475949 e-con-full e-flex e-con e-child\" data-id=\"b475949\" data-element_type=\"container\" data-settings=\"{&quot;background_background&quot;:&quot;classic&quot;,&quot;jet_parallax_layout_list&quot;:[]}\">\n\t\t\t\t<div class=\"elementor-element elementor-element-8468e28 elementor-widget elementor-widget-heading\" data-id=\"8468e28\" data-element_type=\"widget\" data-widget_type=\"heading.default\">\n\t\t\t\t<div class=\"elementor-widget-container\">\n\t\t\t<h2 class=\"elementor-heading-title elementor-size-default\">RV Care Network Ltd.<\/h2>\t\t<\/div>\n\t\t\t\t<\/div>\n\t\t\t\t<div class=\"elementor-element elementor-element-ce333df animated-slow elementor-widget elementor-widget-heading\" data-id=\"ce333df\" data-element_type=\"widget\" data-settings=\"{&quot;_animation&quot;:&quot;none&quot;,&quot;_animation_delay&quot;:1000,&quot;_animation_laptop&quot;:&quot;none&quot;}\" data-widget_type=\"heading.default\">\n\t\t\t\t<div class=\"elementor-widget-container\">\n\t\t\t<h2 class=\"elementor-heading-title elementor-size-medium\"><span style=\"color:white\"\">\u00c0<\/span> PROPOS<\/h2>\t\t<\/div>\n\t\t\t\t<\/div>\n\t\t\t\t<div class=\"elementor-element elementor-element-c21b151 elementor-widget-divider--separator-type-pattern elementor-widget-divider--view-line elementor-widget elementor-widget-divider\" data-id=\"c21b151\" data-element_type=\"widget\" data-widget_type=\"divider.default\">\n\t\t\t\t<div class=\"elementor-widget-container\">\n\t\t\t\t\t<div class=\"elementor-divider\" style=\"--divider-pattern-url: url(&quot;data:image\/svg+xml,%3Csvg xmlns=&#039;http:\/\/www.w3.org\/2000\/svg&#039; preserveAspectRatio=&#039;none&#039; overflow=&#039;visible&#039; height=&#039;100%&#039; viewBox=&#039;0 0 20 16&#039; fill=&#039;none&#039; stroke=&#039;black&#039; stroke-width=&#039;1&#039; stroke-linecap=&#039;square&#039; stroke-miterlimit=&#039;10&#039;%3E%3Cg transform=&#039;translate(-12.000000, 0)&#039;%3E%3Cpath d=&#039;M28,0L10,18&#039;\/%3E%3Cpath d=&#039;M18,0L0,18&#039;\/%3E%3Cpath d=&#039;M48,0L30,18&#039;\/%3E%3Cpath d=&#039;M38,0L20,18&#039;\/%3E%3C\/g%3E%3C\/svg%3E&quot;);\">\n\t\t\t<span class=\"elementor-divider-separator\">\n\t\t\t\t\t\t<\/span>\n\t\t<\/div>\n\t\t\t\t<\/div>\n\t\t\t\t<\/div>\n\t\t\t\t<div class=\"elementor-element elementor-element-6d8402c animated-slow elementor-widget elementor-widget-heading\" data-id=\"6d8402c\" data-element_type=\"widget\" data-settings=\"{&quot;_animation&quot;:&quot;none&quot;,&quot;_animation_laptop&quot;:&quot;none&quot;,&quot;_animation_delay&quot;:2400}\" data-widget_type=\"heading.default\">\n\t\t\t\t<div class=\"elementor-widget-container\">\n\t\t\t<h2 class=\"elementor-heading-title elementor-size-default\">Le r\u00e9seau RV Care est un acteur essentiel de l'industrie canadienne des v\u00e9hicules r\u00e9cr\u00e9atifs (VR) depuis 1999. 25 ans plus tard, notre r\u00e9seau de concessionnaires est compos\u00e9 de plus de 122 concessionnaires ind\u00e9pendants \u00e0 travers le Canada, tous unis par une vision commune.\n\n<\/h2>\t\t<\/div>\n\t\t\t\t<\/div>\n\t\t\t\t<\/div>\n\t\t<div class=\"elementor-element elementor-element-469fb7e e-con-full e-flex e-con e-child\" data-id=\"469fb7e\" data-element_type=\"container\" data-settings=\"{&quot;jet_parallax_layout_list&quot;:[]}\">\n\t\t\t\t<div class=\"elementor-element elementor-element-57d49f6 elementor-absolute animated-slow elementor-invisible elementor-widget elementor-widget-image\" data-id=\"57d49f6\" data-element_type=\"widget\" data-settings=\"{&quot;_position&quot;:&quot;absolute&quot;,&quot;motion_fx_motion_fx_scrolling&quot;:&quot;yes&quot;,&quot;_animation&quot;:&quot;fadeInLeft&quot;,&quot;motion_fx_devices&quot;:[&quot;desktop&quot;,&quot;laptop&quot;,&quot;tablet_extra&quot;,&quot;tablet&quot;,&quot;mobile&quot;]}\" data-widget_type=\"image.default\">\n\t\t\t\t<div class=\"elementor-widget-container\">\n\t\t\t\t\t\t\t\t\t\t\t\t\t<img decoding=\"async\" width=\"2354\" height=\"1618\" src=\"https:\/\/rvcare.ca\/wp-content\/uploads\/map-RV-66-v2-e1682960972764.png\" class=\"attachment-full size-full wp-image-58495\" alt=\"\" \/>\t\t\t\t\t\t\t\t\t\t\t\t\t<\/div>\n\t\t\t\t<\/div>\n\t\t\t\t<\/div>\n\t\t\t\t\t<\/div>\n\t\t\t\t<\/div>\n\t\t<div class=\"elementor-element elementor-element-dee2f9b e-flex e-con-boxed e-con e-parent\" data-id=\"dee2f9b\" data-element_type=\"container\" data-settings=\"{&quot;jet_parallax_layout_list&quot;:[]}\">\n\t\t\t\t\t<div class=\"e-con-inner\">\n\t\t\t\t<div class=\"elementor-element elementor-element-f05d35c elementor-widget elementor-widget-spacer\" data-id=\"f05d35c\" data-element_type=\"widget\" data-widget_type=\"spacer.default\">\n\t\t\t\t<div class=\"elementor-widget-container\">\n\t\t\t\t\t<div class=\"elementor-spacer\">\n\t\t\t<div class=\"elementor-spacer-inner\"><\/div>\n\t\t<\/div>\n\t\t\t\t<\/div>\n\t\t\t\t<\/div>\n\t\t\t\t<div class=\"elementor-element elementor-element-e7c1e9b elementor-widget elementor-widget-text-editor\" data-id=\"e7c1e9b\" data-element_type=\"widget\" data-widget_type=\"text-editor.default\">\n\t\t\t\t<div class=\"elementor-widget-container\">\n\t\t\t\t\t\t\t<p>La force et l\u2019envergure de notre r\u00e9seau reposent sur la s\u00e9lection de concessionnaires de VR de grande qualit\u00e9. Nous croyons que ce sont les personnes exceptionnelles qui construisent les grandes entreprises, et c\u2019est cette conviction qui a guid\u00e9 notre processus de recrutement. Les concessionnaires RV Care ont postul\u00e9 pour rejoindre le r\u00e9seau et se sont engag\u00e9s \u00e0 respecter et m\u00eame \u00e0 d\u00e9passer des crit\u00e8res stricts, ax\u00e9s sur un service client exceptionnel, le soutien aux programmes partenaires et un engagement clair envers notre vision : devenir votre r\u00e9f\u00e9rence de confiance dans le paysage canadien des VR.<\/p><p>Rassembler des concessionnaires de VR partageant les m\u00eames id\u00e9es nous a permis d\u2019accueillir plus d\u2019un demi-million de campeurs VR dans notre communaut\u00e9. Nous offrons aux clients RV Care une paix d\u2019esprit lorsqu\u2019ils voyagent au volant de leur VR : en cas de r\u00e9parations d\u2019urgence, nos concessionnaires seront l\u00e0 pour les aider. Cette Promesse client est notre principe fondateur. En 2018, nous avons \u00e9largi notre port\u00e9e en formant un partenariat avec Route 66, un r\u00e9seau qui compte plus de 125 concessionnaires de VR aux \u00c9tats-Unis. Route 66 honore ainsi notre Promesse client lorsque les membres RV Care voyagent au sud de la fronti\u00e8re.<\/p><p>Kampgrounds of America (KOA) offre \u00e9galement \u00e0 nos clients des \u00e9conomies substantielles lorsqu\u2019ils s\u00e9journent dans l\u2019un de leurs 525 terrains de camping \u00e0 travers l\u2019Am\u00e9rique du Nord. En 2015, nous avons aussi lanc\u00e9 une gamme de produits pour vous faciliter la vie en VR : Le choix du campeur. Vous y trouverez tout ce dont vous avez besoin pour votre prochain voyage : des batteries de premi\u00e8re qualit\u00e9, des matelas et de la literie con\u00e7us pour les lits de VR, des plans de protection et m\u00eame du caf\u00e9 savoureux. En outre, en 2019, nous avons lanc\u00e9 Northern Spirit, notre propre ligne de caravanes de voyage pens\u00e9es pour les campeurs canadiens.<\/p><p>La technologie joue un r\u00f4le crucial pour offrir une exp\u00e9rience de VR id\u00e9ale. De 2020 \u00e0 aujourd\u2019hui, les initiatives de RV Care visent \u00e0 fournir cette exp\u00e9rience id\u00e9ale sous toutes ses formes. Nous avons investi dans RVC Marketing Inc., une entit\u00e9 autonome offrant une gamme compl\u00e8te de services marketing \u00e0 notre r\u00e9seau de concessionnaires, incluant le d\u00e9veloppement de sites web et le d\u00e9veloppement d\u2019applications en ligne. Mais, ce n\u2019est pas tout : notre boutique en ligne shop.rvcare.ca offre plus de 1000 produits pour la vie en VR et RVC Navigator permet \u00e0 chaque concessionnaire RV Care de faire d\u00e9couvrir aux clients une large gamme de VR neufs et d\u2019occasions qu\u2019ils ont en stock. En partenariat avec KOA, nous avons lanc\u00e9 koarvparts.com au printemps 2024, une boutique en ligne pour les terrains de camping am\u00e9ricains. Ces initiatives refl\u00e8tent notre engagement \u00e0 offrir une exp\u00e9rience optimale aux clients, qu\u2019ils d\u00e9butent leur parcours d\u2019achat ou qu\u2019ils parcourent d\u00e9j\u00e0 les routes de l\u2019Am\u00e9rique du Nord.<\/p>\t\t\t\t\t\t<\/div>\n\t\t\t\t<\/div>\n\t\t\t\t<div class=\"elementor-element elementor-element-7051c85 elementor-widget elementor-widget-heading\" data-id=\"7051c85\" data-element_type=\"widget\" data-widget_type=\"heading.default\">\n\t\t\t\t<div class=\"elementor-widget-container\">\n\t\t\t<h2 class=\"elementor-heading-title elementor-size-default\">LE VOYAGE RV CARE CONTINUE\u2026 NOUS PERSISTONS DANS NOTRE VISION ET TRAVAILLONS DUR POUR GAGNER LA CONFIANCE DE NOS CLIENTS.\n<\/h2>\t\t<\/div>\n\t\t\t\t<\/div>\n\t\t\t\t<div class=\"elementor-element elementor-element-0b4ca1a elementor-widget elementor-widget-text-editor\" data-id=\"0b4ca1a\" data-element_type=\"widget\" data-widget_type=\"text-editor.default\">\n\t\t\t\t<div class=\"elementor-widget-container\">\n\t\t\t\t\t\t\t<p>Pour toute question, commentaire ou demande d\u2019information, n\u2019h\u00e9sitez pas \u00e0 nous contacter \u00e0 l\u2019adresse : <a href=\"mailto:info@rvcare.ca\">INFO@RVCARE.CA<\/a><br>Adresse du si\u00e8ge social :<\/p>\n<p><b>RV CARE NETWORK LTD.<\/b><br>777, rue de la Commune O.<br>Suite #220<br>Montr\u00e9al, Qu\u00e9bec,<br>H3C 1Y1<\/p>\t\t\t\t\t\t<\/div>\n\t\t\t\t<\/div>\n\t\t\t\t\t<\/div>\n\t\t\t\t<\/div>\n\t\t\t\t<\/div>\n\t\t","protected":false},"excerpt":{"rendered":"<p>RV Care Network Ltd. \u00c0 PROPOS Le r\u00e9seau RV Care est un acteur essentiel de l&rsquo;industrie canadienne des v\u00e9hicules r\u00e9cr\u00e9atifs (VR) depuis 1999. 25 ans plus tard, notre r\u00e9seau de concessionnaires est compos\u00e9 de plus de 122 concessionnaires ind\u00e9pendants \u00e0 travers le Canada, tous unis par une vision commune. La force et l\u2019envergure de notre [&hellip;]<\/p>\n","protected":false},"author":1,"featured_media":0,"parent":0,"menu_order":0,"comment_status":"closed","ping_status":"closed","template":"","meta":{"footnotes":""},"class_list":["post-87364","page","type-page","status-publish","hentry"],"_links":{"self":[{"href":"https:\/\/rvcare.ca\/fr\/wp-json\/wp\/v2\/pages\/87364","targetHints":{"allow":["GET"]}}],"collection":[{"href":"https:\/\/rvcare.ca\/fr\/wp-json\/wp\/v2\/pages"}],"about":[{"href":"https:\/\/rvcare.ca\/fr\/wp-json\/wp\/v2\/types\/page"}],"author":[{"embeddable":true,"href":"https:\/\/rvcare.ca\/fr\/wp-json\/wp\/v2\/users\/1"}],"replies":[{"embeddable":true,"href":"https:\/\/rvcare.ca\/fr\/wp-json\/wp\/v2\/comments?post=87364"}],"version-history":[{"count":0,"href":"https:\/\/rvcare.ca\/fr\/wp-json\/wp\/v2\/pages\/87364\/revisions"}],"wp:attachment":[{"href":"https:\/\/rvcare.ca\/fr\/wp-json\/wp\/v2\/media?parent=87364"}],"curies":[{"name":"wp","href":"https:\/\/api.w.org\/{rel}","templated":true}]}}