{"id":6216,"date":"2021-05-06T16:57:52","date_gmt":"2021-05-06T20:57:52","guid":{"rendered":"https:\/\/rvcare.ca\/programme-matelas-neuf-pour-vr-usage\/"},"modified":"2023-11-09T12:35:26","modified_gmt":"2023-11-09T17:35:26","slug":"programme-matelas","status":"publish","type":"page","link":"https:\/\/rvcare.ca\/fr\/programme-matelas\/","title":{"rendered":"Programme de sommeil"},"content":{"rendered":"\t\t<div data-elementor-type=\"wp-page\" data-elementor-id=\"6216\" class=\"elementor elementor-6216 elementor-2743\" data-elementor-post-type=\"page\">\n\t\t\t\t\t\t<section class=\"elementor-section elementor-top-section elementor-element elementor-element-2164399 elementor-section-height-min-height elementor-section-boxed elementor-section-height-default elementor-section-items-middle\" data-id=\"2164399\" data-element_type=\"section\" data-settings=\"{&quot;jet_parallax_layout_list&quot;:[],&quot;background_background&quot;:&quot;classic&quot;}\">\n\t\t\t\t\t\t<div class=\"elementor-container elementor-column-gap-default\">\n\t\t\t\t\t<div class=\"elementor-column elementor-col-100 elementor-top-column elementor-element elementor-element-c496038\" data-id=\"c496038\" data-element_type=\"column\" data-settings=\"{&quot;background_background&quot;:&quot;classic&quot;}\">\n\t\t\t<div class=\"elementor-widget-wrap elementor-element-populated\">\n\t\t\t\t\t\t<div class=\"elementor-element elementor-element-e5879e0 elementor-widget elementor-widget-text-editor\" data-id=\"e5879e0\" data-element_type=\"widget\" data-widget_type=\"text-editor.default\">\n\t\t\t\t<div class=\"elementor-widget-container\">\n\t\t\t\t\t\t\t<p>LA VIE EN VR, EST-CE POUR MOI ?<\/p>\n\t\t\t\t\t\t<\/div>\n\t\t\t\t<\/div>\n\t\t\t\t<div class=\"elementor-element elementor-element-7f027cb elementor-widget elementor-widget-heading\" data-id=\"7f027cb\" data-element_type=\"widget\" data-widget_type=\"heading.default\">\n\t\t\t\t<div class=\"elementor-widget-container\">\n\t\t\t<h1 class=\"elementor-heading-title elementor-size-default\">VOUS CHERCHEZ <span style=\"color: #fada48;\">UN VR D\u2019OCCASION ?<\/span><\/h1>\t\t<\/div>\n\t\t\t\t<\/div>\n\t\t\t\t<div class=\"elementor-element elementor-element-35edff5 elementor-widget elementor-widget-text-editor\" data-id=\"35edff5\" data-element_type=\"widget\" data-widget_type=\"text-editor.default\">\n\t\t\t\t<div class=\"elementor-widget-container\">\n\t\t\t\t\t\t\t<p>Nous sommes ravis de vous pr\u00e9senter notre programme RV Care \/ Matelas de qualit\u00e9 pour VR d\u2019occasion.<\/p>\t\t\t\t\t\t<\/div>\n\t\t\t\t<\/div>\n\t\t\t\t\t<\/div>\n\t\t<\/div>\n\t\t\t\t\t<\/div>\n\t\t<\/section>\n\t\t\t\t<section class=\"elementor-section elementor-top-section elementor-element elementor-element-19e3e70 elementor-section-boxed elementor-section-height-default elementor-section-height-default\" data-id=\"19e3e70\" data-element_type=\"section\" data-settings=\"{&quot;jet_parallax_layout_list&quot;:[]}\">\n\t\t\t\t\t\t<div class=\"elementor-container elementor-column-gap-default\">\n\t\t\t\t\t<div class=\"elementor-column elementor-col-100 elementor-top-column elementor-element elementor-element-8a20c05\" data-id=\"8a20c05\" data-element_type=\"column\">\n\t\t\t<div class=\"elementor-widget-wrap elementor-element-populated\">\n\t\t\t\t\t\t<div class=\"elementor-element elementor-element-a4acaeb elementor-widget elementor-widget-heading\" data-id=\"a4acaeb\" data-element_type=\"widget\" data-widget_type=\"heading.default\">\n\t\t\t\t<div class=\"elementor-widget-container\">\n\t\t\t<h2 class=\"elementor-heading-title elementor-size-default\">Les concessionnaires RV Care proposent d\u00e9sormais des matelas flambant neufs Le choix du campeur dans leurs VR d\u2019occasion.*<br><\/h2>\t\t<\/div>\n\t\t\t\t<\/div>\n\t\t\t\t<section class=\"elementor-section elementor-inner-section elementor-element elementor-element-fe52097 elementor-section-boxed elementor-section-height-default elementor-section-height-default\" data-id=\"fe52097\" data-element_type=\"section\" data-settings=\"{&quot;jet_parallax_layout_list&quot;:[]}\">\n\t\t\t\t\t\t<div class=\"elementor-container elementor-column-gap-default\">\n\t\t\t\t\t<div class=\"elementor-column elementor-col-50 elementor-inner-column elementor-element elementor-element-26cd858\" data-id=\"26cd858\" data-element_type=\"column\">\n\t\t\t<div class=\"elementor-widget-wrap elementor-element-populated\">\n\t\t\t\t\t\t<div class=\"elementor-element elementor-element-03deeac elementor-widget elementor-widget-text-editor\" data-id=\"03deeac\" data-element_type=\"widget\" data-widget_type=\"text-editor.default\">\n\t\t\t\t<div class=\"elementor-widget-container\">\n\t\t\t\t\t\t\t<p>Nous sommes ravis de vous pr\u00e9senter notre programme <b>RV Care \/ Matelas de qualit\u00e9 pour VR d\u2019occasion<\/b>.<\/p><p>Lorsque vous recherchez un VR d&rsquo;occasion, l&rsquo;objectif est de profiter de la nature et de passer du bon temps en famille ou avec des amis. Cependant, avant de commencer votre aventure, il est essentiel de trouver le bon VR qui correspond \u00e0 votre style de vie. <b>Et \u00e7a inclut le matelas<\/b> !<\/p><p>Bien que cela ne soit pas toujours pris en compte, un tiers de notre vie est consacr\u00e9 au sommeil, donc sur un matelas. Par cons\u00e9quent, avoir un matelas propre, hygi\u00e9nique et confortable dans un VR d\u2019occasion est important, n\u2019est-ce pas ? <b>Bonne nouvelle ! Les concessionnaires RV Care se sont occup\u00e9s de cela en incluant un tout nouveau matelas Le choix du campeur dans leurs VR d&rsquo;occasion.<\/b> Les petits d\u00e9tails peuvent faire toute la diff\u00e9rence, pour dormir sur vos deux oreilles !<\/p><p>L&rsquo;expression \u00ab La tranquillit\u00e9 d\u2019esprit \u00bb est souvent utilis\u00e9e \u00e0 tort et \u00e0 travers, mais l\u00e0, elle est vraiment appropri\u00e9e. Dormir sur un matelas NEUF dans votre VR d&rsquo;occasion vous procurera une tranquillit\u00e9 d&rsquo;esprit compl\u00e8te.<\/p><p>PSST ! Si vous h\u00e9sitez encore entre acheter du neuf ou de l&rsquo;occasion, jetez un coup d&rsquo;\u0153il \u00e0 quelques infos que nous avons pour vous.<\/p><div>\u00a0<\/div>\t\t\t\t\t\t<\/div>\n\t\t\t\t<\/div>\n\t\t\t\t\t<\/div>\n\t\t<\/div>\n\t\t\t\t<div class=\"elementor-column elementor-col-50 elementor-inner-column elementor-element elementor-element-38c8e4c\" data-id=\"38c8e4c\" data-element_type=\"column\">\n\t\t\t<div class=\"elementor-widget-wrap elementor-element-populated\">\n\t\t\t\t\t\t<div class=\"elementor-element elementor-element-043b077 elementor-widget elementor-widget-image\" data-id=\"043b077\" data-element_type=\"widget\" data-widget_type=\"image.default\">\n\t\t\t\t<div class=\"elementor-widget-container\">\n\t\t\t\t\t\t\t\t\t\t\t\t\t<img decoding=\"async\" width=\"650\" height=\"503\" src=\"https:\/\/rvcare.ca\/wp-content\/uploads\/2021\/05\/matteress-used-e1655903765410.png\" class=\"attachment-full size-full wp-image-6223\" alt=\"\" \/>\t\t\t\t\t\t\t\t\t\t\t\t\t<\/div>\n\t\t\t\t<\/div>\n\t\t\t\t\t<\/div>\n\t\t<\/div>\n\t\t\t\t\t<\/div>\n\t\t<\/section>\n\t\t\t\t<div class=\"elementor-element elementor-element-c87257f elementor-widget elementor-widget-text-editor\" data-id=\"c87257f\" data-element_type=\"widget\" data-widget_type=\"text-editor.default\">\n\t\t\t\t<div class=\"elementor-widget-container\">\n\t\t\t\t\t\t\t<p><i>*Tous les concessionnaires RV Care ne participent pas \u00e0 ce programme. Dans la barre de menu, CLIQUEZ sur NOS CONCESSIONNAIRES et cherchez les concessionnaires qui ont cet ic\u00f4ne \u00a0\u00a0dans leurs coordonn\u00e9es.<\/i><\/p>\t\t\t\t\t\t<\/div>\n\t\t\t\t<\/div>\n\t\t\t\t<div class=\"elementor-element elementor-element-26af01c elementor-align-center elementor-mobile-align-center elementor-widget elementor-widget-button\" data-id=\"26af01c\" data-element_type=\"widget\" data-widget_type=\"button.default\">\n\t\t\t\t<div class=\"elementor-widget-container\">\n\t\t\t\t\t<div class=\"elementor-button-wrapper\">\n\t\t\t<a class=\"elementor-button elementor-button-link elementor-size-sm\" href=\"\/new-used\">\n\t\t\t\t\t\t<span class=\"elementor-button-content-wrapper\">\n\t\t\t\t\t\t\t\t\t<span class=\"elementor-button-text\">NEUF OU USAG\u00c9<\/span>\n\t\t\t\t\t<\/span>\n\t\t\t\t\t<\/a>\n\t\t<\/div>\n\t\t\t\t<\/div>\n\t\t\t\t<\/div>\n\t\t\t\t\t<\/div>\n\t\t<\/div>\n\t\t\t\t\t<\/div>\n\t\t<\/section>\n\t\t\t\t<section class=\"elementor-section elementor-top-section elementor-element elementor-element-a5d52a7 elementor-section-boxed elementor-section-height-default elementor-section-height-default\" data-id=\"a5d52a7\" data-element_type=\"section\" data-settings=\"{&quot;jet_parallax_layout_list&quot;:[],&quot;background_background&quot;:&quot;classic&quot;}\">\n\t\t\t\t\t\t<div class=\"elementor-container elementor-column-gap-default\">\n\t\t\t\t\t<div class=\"elementor-column elementor-col-100 elementor-top-column elementor-element elementor-element-f4f2082\" data-id=\"f4f2082\" data-element_type=\"column\">\n\t\t\t<div class=\"elementor-widget-wrap elementor-element-populated\">\n\t\t\t\t\t\t<div class=\"elementor-element elementor-element-ca296be elementor-widget elementor-widget-heading\" data-id=\"ca296be\" data-element_type=\"widget\" data-widget_type=\"heading.default\">\n\t\t\t\t<div class=\"elementor-widget-container\">\n\t\t\t<h2 class=\"elementor-heading-title elementor-size-default\">Matelas neuf pour VR d'occasion<\/h2>\t\t<\/div>\n\t\t\t\t<\/div>\n\t\t\t\t<div class=\"elementor-element elementor-element-92ab651 elementor-widget elementor-widget-jet-video\" data-id=\"92ab651\" data-element_type=\"widget\" data-widget_type=\"jet-video.default\">\n\t\t\t\t<div class=\"elementor-widget-container\">\n\t\t\t<div class=\"elementor-jet-video jet-elements\">\n<div class=\"jet-video jet-video--fa5-compat jet-video-aspect-ratio jet-video-aspect-ratio--16-9\" data-settings=\"{&quot;lightbox&quot;:false,&quot;autoplay&quot;:false}\"><iframe class=\"jet-video-iframe\" allowfullscreen allow=\"autoplay;encrypted-media\" title=\"Lecteur vid\u00e9o vimeo\" data-lazy-load=\"https:\/\/player.vimeo.com\/video\/597390528?autopause=0&amp;autoplay=0&amp;loop=0&amp;muted=0#t=\"><\/iframe>\n<div class=\"jet-video__overlay jet-video__overlay--custom-bg\" style=\"background-image: url(https:\/\/i.vimeocdn.com\/video\/1232224416-f8cf5d8406538a32886fdf2b59d6326ed74e9865f3eb1a5f33eefaef2fc5b250-d_640?region=us);\">\n<div class=\"jet-video__play-button\" role=\"button\" tabindex=\"0\" aria-label=\"Video play button\"><span class=\"jet-elements-icon jet-video__play-button-icon\"><i aria-hidden=\"true\" class=\"fas fa-play\"><\/i><\/span>\t<span class=\"elementor-screen-only\">Play Video<\/span>\n<\/div>\n<\/div>\n<\/div>\n<\/div>\t\t<\/div>\n\t\t\t\t<\/div>\n\t\t\t\t<div class=\"elementor-element elementor-element-e64c420 elementor-align-center elementor-mobile-align-center elementor-widget elementor-widget-button\" data-id=\"e64c420\" data-element_type=\"widget\" data-widget_type=\"button.default\">\n\t\t\t\t<div class=\"elementor-widget-container\">\n\t\t\t\t\t<div class=\"elementor-button-wrapper\">\n\t\t\t<a class=\"elementor-button elementor-button-link elementor-size-sm\" href=\"https:\/\/rvcare.ca\/fr\/concessionnaires\/\">\n\t\t\t\t\t\t<span class=\"elementor-button-content-wrapper\">\n\t\t\t\t\t\t\t\t\t<span class=\"elementor-button-text\">NOS CONCESSIONNAIRES<\/span>\n\t\t\t\t\t<\/span>\n\t\t\t\t\t<\/a>\n\t\t<\/div>\n\t\t\t\t<\/div>\n\t\t\t\t<\/div>\n\t\t\t\t\t<\/div>\n\t\t<\/div>\n\t\t\t\t\t<\/div>\n\t\t<\/section>\n\t\t\t\t<\/div>\n\t\t","protected":false},"excerpt":{"rendered":"<p>LA VIE EN VR, EST-CE POUR MOI ? VOUS CHERCHEZ UN VR D\u2019OCCASION ? Nous sommes ravis de vous pr\u00e9senter notre programme RV Care \/ Matelas de qualit\u00e9 pour VR d\u2019occasion. Les concessionnaires RV Care proposent d\u00e9sormais des matelas flambant neufs Le choix du campeur dans leurs VR d\u2019occasion.* Nous sommes ravis de vous pr\u00e9senter [&hellip;]<\/p>\n","protected":false},"author":1,"featured_media":0,"parent":0,"menu_order":0,"comment_status":"closed","ping_status":"closed","template":"","meta":{"footnotes":""},"class_list":["post-6216","page","type-page","status-publish","hentry"],"_links":{"self":[{"href":"https:\/\/rvcare.ca\/fr\/wp-json\/wp\/v2\/pages\/6216","targetHints":{"allow":["GET"]}}],"collection":[{"href":"https:\/\/rvcare.ca\/fr\/wp-json\/wp\/v2\/pages"}],"about":[{"href":"https:\/\/rvcare.ca\/fr\/wp-json\/wp\/v2\/types\/page"}],"author":[{"embeddable":true,"href":"https:\/\/rvcare.ca\/fr\/wp-json\/wp\/v2\/users\/1"}],"replies":[{"embeddable":true,"href":"https:\/\/rvcare.ca\/fr\/wp-json\/wp\/v2\/comments?post=6216"}],"version-history":[{"count":0,"href":"https:\/\/rvcare.ca\/fr\/wp-json\/wp\/v2\/pages\/6216\/revisions"}],"wp:attachment":[{"href":"https:\/\/rvcare.ca\/fr\/wp-json\/wp\/v2\/media?parent=6216"}],"curies":[{"name":"wp","href":"https:\/\/api.w.org\/{rel}","templated":true}]}}