{"id":30879,"date":"2022-06-28T11:53:25","date_gmt":"2022-06-28T15:53:25","guid":{"rendered":"https:\/\/rvcare.ca\/services-koa\/"},"modified":"2024-11-12T10:39:39","modified_gmt":"2024-11-12T15:39:39","slug":"services-koa","status":"publish","type":"page","link":"https:\/\/rvcare.ca\/fr\/services-koa\/","title":{"rendered":"Services KOA"},"content":{"rendered":"\t\t<div data-elementor-type=\"wp-page\" data-elementor-id=\"30879\" class=\"elementor elementor-30879 elementor-30864\" data-elementor-post-type=\"page\">\n\t\t\t\t<div class=\"elementor-element elementor-element-baf110e elementor-hidden-mobile e-flex e-con-boxed e-con e-parent\" data-id=\"baf110e\" data-element_type=\"container\" data-settings=\"{&quot;jet_parallax_layout_list&quot;:[],&quot;background_background&quot;:&quot;classic&quot;}\">\n\t\t\t\t\t<div class=\"e-con-inner\">\n\t\t<div class=\"elementor-element elementor-element-d6d0455 e-con-full e-flex e-con e-child\" data-id=\"d6d0455\" data-element_type=\"container\" data-settings=\"{&quot;background_background&quot;:&quot;classic&quot;,&quot;jet_parallax_layout_list&quot;:[]}\">\n\t\t\t\t<div class=\"elementor-element elementor-element-6bf09a0 elementor-widget elementor-widget-image\" data-id=\"6bf09a0\" data-element_type=\"widget\" data-widget_type=\"image.default\">\n\t\t\t\t<div class=\"elementor-widget-container\">\n\t\t\t\t\t\t\t\t\t\t\t\t\t<img decoding=\"async\" width=\"400\" height=\"229\" src=\"https:\/\/rvcare.ca\/wp-content\/uploads\/koa.png\" class=\"attachment-full size-full wp-image-91971\" alt=\"\" srcset=\"https:\/\/rvcare.ca\/wp-content\/uploads\/koa.png 400w, https:\/\/rvcare.ca\/wp-content\/uploads\/koa-300x172.png 300w\" sizes=\"(max-width: 400px) 100vw, 400px\" \/>\t\t\t\t\t\t\t\t\t\t\t\t\t<\/div>\n\t\t\t\t<\/div>\n\t\t\t\t<\/div>\n\t\t\t\t\t<\/div>\n\t\t\t\t<\/div>\n\t\t<div class=\"elementor-element elementor-element-a5bdce4 e-flex e-con-boxed e-con e-parent\" data-id=\"a5bdce4\" data-element_type=\"container\" data-settings=\"{&quot;jet_parallax_layout_list&quot;:[]}\">\n\t\t\t\t\t<div class=\"e-con-inner\">\n\t\t\t\t<div class=\"elementor-element elementor-element-43977c61 elementor-widget elementor-widget-heading\" data-id=\"43977c61\" data-element_type=\"widget\" data-widget_type=\"heading.default\">\n\t\t\t\t<div class=\"elementor-widget-container\">\n\t\t\t<h2 class=\"elementor-heading-title elementor-size-default\">Obtenez 10 % de rabais sur votre prochain s\u00e9jour chez KOA !<\/h2>\t\t<\/div>\n\t\t\t\t<\/div>\n\t\t\t\t<div class=\"elementor-element elementor-element-4837ebb3 elementor-widget elementor-widget-heading\" data-id=\"4837ebb3\" data-element_type=\"widget\" data-widget_type=\"heading.default\">\n\t\t\t\t<div class=\"elementor-widget-container\">\n\t\t\t<h2 class=\"elementor-heading-title elementor-size-default\">En tant que client RV Care privil\u00e9gi\u00e9, nous aimerions vous offrir un rabais de 10 % sur votre prochain s\u00e9jour dans n\u2019importe quel terrain de camping KOA*.<\/h2>\t\t<\/div>\n\t\t\t\t<\/div>\n\t\t\t\t<div class=\"elementor-element elementor-element-6d034b66 elementor-widget elementor-widget-spacer\" data-id=\"6d034b66\" data-element_type=\"widget\" data-widget_type=\"spacer.default\">\n\t\t\t\t<div class=\"elementor-widget-container\">\n\t\t\t\t\t<div class=\"elementor-spacer\">\n\t\t\t<div class=\"elementor-spacer-inner\"><\/div>\n\t\t<\/div>\n\t\t\t\t<\/div>\n\t\t\t\t<\/div>\n\t\t<div class=\"elementor-element elementor-element-b959d7e e-con-full e-flex e-con e-child\" data-id=\"b959d7e\" data-element_type=\"container\" data-settings=\"{&quot;jet_parallax_layout_list&quot;:[]}\">\n\t\t\t\t<div class=\"elementor-element elementor-element-7e7ee591 elementor-view-default elementor-widget elementor-widget-icon\" data-id=\"7e7ee591\" data-element_type=\"widget\" data-widget_type=\"icon.default\">\n\t\t\t\t<div class=\"elementor-widget-container\">\n\t\t\t\t\t<div class=\"elementor-icon-wrapper\">\n\t\t\t<div class=\"elementor-icon\">\n\t\t\t<i aria-hidden=\"true\" class=\"fas fa-campground\"><\/i>\t\t\t<\/div>\n\t\t<\/div>\n\t\t\t\t<\/div>\n\t\t\t\t<\/div>\n\t\t<div class=\"elementor-element elementor-element-34c3d2a e-con-full e-flex e-con e-child\" data-id=\"34c3d2a\" data-element_type=\"container\" data-settings=\"{&quot;jet_parallax_layout_list&quot;:[]}\">\n\t\t\t\t<div class=\"elementor-element elementor-element-36f82ba3 elementor-widget elementor-widget-heading\" data-id=\"36f82ba3\" data-element_type=\"widget\" data-widget_type=\"heading.default\">\n\t\t\t\t<div class=\"elementor-widget-container\">\n\t\t\t<h2 class=\"elementor-heading-title elementor-size-default\">KOA : le camping id\u00e9al<\/h2>\t\t<\/div>\n\t\t\t\t<\/div>\n\t\t\t\t<div class=\"elementor-element elementor-element-5969456 elementor-widget elementor-widget-text-editor\" data-id=\"5969456\" data-element_type=\"widget\" data-widget_type=\"text-editor.default\">\n\t\t\t\t<div class=\"elementor-widget-container\">\n\t\t\t\t\t\t\tKOA (Kampgrounds of America) se sp\u00e9cialise depuis plus de 50 ans \u00e0 cr\u00e9er des campeurs heureux en offrant des exp\u00e9riences de plein air exceptionnelles, adapt\u00e9es autant aux campeurs en tente qu\u2019aux propri\u00e9taires de VR. Avec une gamme compl\u00e8te d\u2019\u00e9quipements et d\u2019activit\u00e9s, les campings KOA sont aussi des destinations de vacances id\u00e9ales pour les familles qui souhaitent profiter de la nature.\n\t\t\t\t\t\t<\/div>\n\t\t\t\t<\/div>\n\t\t\t\t<\/div>\n\t\t\t\t<\/div>\n\t\t<div class=\"elementor-element elementor-element-7a08b5e4 e-con-full e-flex e-con e-child\" data-id=\"7a08b5e4\" data-element_type=\"container\" data-settings=\"{&quot;jet_parallax_layout_list&quot;:[]}\">\n\t\t\t\t<div class=\"elementor-element elementor-element-2e790440 elementor-view-default elementor-widget elementor-widget-icon\" data-id=\"2e790440\" data-element_type=\"widget\" data-widget_type=\"icon.default\">\n\t\t\t\t<div class=\"elementor-widget-container\">\n\t\t\t\t\t<div class=\"elementor-icon-wrapper\">\n\t\t\t<div class=\"elementor-icon\">\n\t\t\t<i aria-hidden=\"true\" class=\"fas fa-globe-americas\"><\/i>\t\t\t<\/div>\n\t\t<\/div>\n\t\t\t\t<\/div>\n\t\t\t\t<\/div>\n\t\t<div class=\"elementor-element elementor-element-6ad89fb2 e-con-full e-flex e-con e-child\" data-id=\"6ad89fb2\" data-element_type=\"container\" data-settings=\"{&quot;jet_parallax_layout_list&quot;:[]}\">\n\t\t\t\t<div class=\"elementor-element elementor-element-3d648013 elementor-widget elementor-widget-heading\" data-id=\"3d648013\" data-element_type=\"widget\" data-widget_type=\"heading.default\">\n\t\t\t\t<div class=\"elementor-widget-container\">\n\t\t\t<h2 class=\"elementor-heading-title elementor-size-default\">Une vision commune<\/h2>\t\t<\/div>\n\t\t\t\t<\/div>\n\t\t\t\t<div class=\"elementor-element elementor-element-2c288db elementor-widget elementor-widget-text-editor\" data-id=\"2c288db\" data-element_type=\"widget\" data-widget_type=\"text-editor.default\">\n\t\t\t\t<div class=\"elementor-widget-container\">\n\t\t\t\t\t\t\tRV Care et KOA partagent une longue histoire toute d\u00e9vou\u00e9e aux joies du plein air. Il s\u2019agit d\u2019un partenariat qui va de soi afin que vous puissiez autant profiter des destinations camping exceptionnelles de KOA que d\u2019un r\u00e9seau comptant plus de 200 concessionnaires de VR \u00e0 travers l\u2019Am\u00e9rique du Nord. O\u00f9 que vous soyez, KOA et RV Care sont l\u00e0 pour rendre votre exp\u00e9rience en plein air r\u00e9ellement m\u00e9morable.\n\t\t\t\t\t\t<\/div>\n\t\t\t\t<\/div>\n\t\t\t\t<\/div>\n\t\t\t\t<\/div>\n\t\t<div class=\"elementor-element elementor-element-603b46d e-con-full e-flex e-con e-child\" data-id=\"603b46d\" data-element_type=\"container\" data-settings=\"{&quot;jet_parallax_layout_list&quot;:[]}\">\n\t\t\t\t<div class=\"elementor-element elementor-element-fc590e9 elementor-view-default elementor-widget elementor-widget-icon\" data-id=\"fc590e9\" data-element_type=\"widget\" data-widget_type=\"icon.default\">\n\t\t\t\t<div class=\"elementor-widget-container\">\n\t\t\t\t\t<div class=\"elementor-icon-wrapper\">\n\t\t\t<div class=\"elementor-icon\">\n\t\t\t<i aria-hidden=\"true\" class=\"fas fa-user-edit\"><\/i>\t\t\t<\/div>\n\t\t<\/div>\n\t\t\t\t<\/div>\n\t\t\t\t<\/div>\n\t\t<div class=\"elementor-element elementor-element-255d4eb1 e-con-full e-flex e-con e-child\" data-id=\"255d4eb1\" data-element_type=\"container\" data-settings=\"{&quot;jet_parallax_layout_list&quot;:[]}\">\n\t\t\t\t<div class=\"elementor-element elementor-element-24e24760 elementor-widget elementor-widget-heading\" data-id=\"24e24760\" data-element_type=\"widget\" data-widget_type=\"heading.default\">\n\t\t\t\t<div class=\"elementor-widget-container\">\n\t\t\t<h2 class=\"elementor-heading-title elementor-size-default\">Inscription pour votre rabais KOA<\/h2>\t\t<\/div>\n\t\t\t\t<\/div>\n\t\t\t\t<div class=\"elementor-element elementor-element-23d05f36 elementor-widget elementor-widget-text-editor\" data-id=\"23d05f36\" data-element_type=\"widget\" data-widget_type=\"text-editor.default\">\n\t\t\t\t<div class=\"elementor-widget-container\">\n\t\t\t\t\t\t\tPour profiter de votre rabais KOA de 10 %* (Value Kard Rewards), suivez simplement les \u00e9tapes indiqu\u00e9es dans le courriel de bienvenue RV Care que vous avez re\u00e7u lors de votre inscription comme client RV Care. Assurez-vous d\u2019utiliser le code KOA unique inclus dans ce courriel pour d\u00e9crocher votre rabais.\n\t\t\t\t\t\t<\/div>\n\t\t\t\t<\/div>\n\t\t\t\t<\/div>\n\t\t\t\t<\/div>\n\t\t<div class=\"elementor-element elementor-element-4938896 e-con-full e-flex e-con e-child\" data-id=\"4938896\" data-element_type=\"container\" data-settings=\"{&quot;jet_parallax_layout_list&quot;:[]}\">\n\t\t\t\t<div class=\"elementor-element elementor-element-767a6eab elementor-align-center elementor-widget elementor-widget-button\" data-id=\"767a6eab\" data-element_type=\"widget\" data-widget_type=\"button.default\">\n\t\t\t\t<div class=\"elementor-widget-container\">\n\t\t\t\t\t<div class=\"elementor-button-wrapper\">\n\t\t\t<a class=\"elementor-button elementor-button-link elementor-size-sm\" href=\"https:\/\/koa.com\/partner-rewards\/rv-care\/\" target=\"_blank\">\n\t\t\t\t\t\t<span class=\"elementor-button-content-wrapper\">\n\t\t\t\t\t\t\t\t\t<span class=\"elementor-button-text\">CLIQUEZ ICI POUR VOUS INSCRIRE<\/span>\n\t\t\t\t\t<\/span>\n\t\t\t\t\t<\/a>\n\t\t<\/div>\n\t\t\t\t<\/div>\n\t\t\t\t<\/div>\n\t\t\t\t<\/div>\n\t\t<div class=\"elementor-element elementor-element-6a7a468a e-con-full e-flex e-con e-child\" data-id=\"6a7a468a\" data-element_type=\"container\" data-settings=\"{&quot;background_background&quot;:&quot;classic&quot;,&quot;jet_parallax_layout_list&quot;:[]}\">\n\t\t\t\t<div class=\"elementor-element elementor-element-3bec1151 elementor-widget elementor-widget-heading\" data-id=\"3bec1151\" data-element_type=\"widget\" data-widget_type=\"heading.default\">\n\t\t\t\t<div class=\"elementor-widget-container\">\n\t\t\t<h2 class=\"elementor-heading-title elementor-size-default\">*KOA Rewards - Inscription gratuite d\u2019un an au programme de fid\u00e9lit\u00e9 KOA<\/h2>\t\t<\/div>\n\t\t\t\t<\/div>\n\t\t\t\t<div class=\"elementor-element elementor-element-5fdebf51 elementor-widget elementor-widget-text-editor\" data-id=\"5fdebf51\" data-element_type=\"widget\" data-widget_type=\"text-editor.default\">\n\t\t\t\t<div class=\"elementor-widget-container\">\n\t\t\t\t\t\t\t<ul><li>Offre valide uniquement pour les nouveaux campeurs KOA Rewards (ceux qui ne se sont jamais inscrits au programme, y compris KOA Value Kard Rewards).<\/li><li>Le rabais de 10 % s\u2019applique uniquement aux tarifs de nuit\u00e9e quotidiens. Non valide pour les tarifs hebdomadaires, mensuels ou saisonniers et ne peut \u00eatre combin\u00e9 \u00e0 d\u2019autres offres.<\/li><li>Dans les terrains de camping KOA participants. Places limit\u00e9es; un seul site par titulaire de compte KOA Rewards. S\u00e9jour minimum de 2 nuits cons\u00e9cutives dans le m\u00eame terrain de camping KOA requis. Consultez KOA.com pour les conditions g\u00e9n\u00e9rales compl\u00e8tes.<\/li><\/ul>\t\t\t\t\t\t<\/div>\n\t\t\t\t<\/div>\n\t\t\t\t<div class=\"elementor-element elementor-element-391c08d5 elementor-widget elementor-widget-text-editor\" data-id=\"391c08d5\" data-element_type=\"widget\" data-widget_type=\"text-editor.default\">\n\t\t\t\t<div class=\"elementor-widget-container\">\n\t\t\t\t\t\t\t<p>V\u00e9rifiez aupr\u00e8s de l\u2019emplacement KOA pour plus de d\u00e9tails. Pour les conditions g\u00e9n\u00e9rales compl\u00e8tes de KOA Rewards, veuillez consulter :<br \/><a href=\"http:\/\/koa.com\/koa-rewards-terms-conditions\/\"> koa.com\/koa-rewards-terms-conditions\/<\/a><\/p>\t\t\t\t\t\t<\/div>\n\t\t\t\t<\/div>\n\t\t\t\t<\/div>\n\t\t\t\t\t<\/div>\n\t\t\t\t<\/div>\n\t\t\t\t<\/div>\n\t\t","protected":false},"excerpt":{"rendered":"<p>Obtenez 10 % de rabais sur votre prochain s\u00e9jour chez KOA ! En tant que client RV Care privil\u00e9gi\u00e9, nous aimerions vous offrir un rabais de 10 % sur votre prochain s\u00e9jour dans n\u2019importe quel terrain de camping KOA*. KOA : le camping id\u00e9al KOA (Kampgrounds of America) se sp\u00e9cialise depuis plus de 50 ans [&hellip;]<\/p>\n","protected":false},"author":990166,"featured_media":0,"parent":0,"menu_order":0,"comment_status":"closed","ping_status":"closed","template":"","meta":{"footnotes":""},"class_list":["post-30879","page","type-page","status-publish","hentry"],"_links":{"self":[{"href":"https:\/\/rvcare.ca\/fr\/wp-json\/wp\/v2\/pages\/30879","targetHints":{"allow":["GET"]}}],"collection":[{"href":"https:\/\/rvcare.ca\/fr\/wp-json\/wp\/v2\/pages"}],"about":[{"href":"https:\/\/rvcare.ca\/fr\/wp-json\/wp\/v2\/types\/page"}],"author":[{"embeddable":true,"href":"https:\/\/rvcare.ca\/fr\/wp-json\/wp\/v2\/users\/990166"}],"replies":[{"embeddable":true,"href":"https:\/\/rvcare.ca\/fr\/wp-json\/wp\/v2\/comments?post=30879"}],"version-history":[{"count":0,"href":"https:\/\/rvcare.ca\/fr\/wp-json\/wp\/v2\/pages\/30879\/revisions"}],"wp:attachment":[{"href":"https:\/\/rvcare.ca\/fr\/wp-json\/wp\/v2\/media?parent=30879"}],"curies":[{"name":"wp","href":"https:\/\/api.w.org\/{rel}","templated":true}]}}